{"id":1420,"date":"2023-02-01T10:48:52","date_gmt":"2023-02-01T10:48:52","guid":{"rendered":"http:\/\/nice-dove.com\/?post_type=product&#038;p=1420"},"modified":"2023-04-13T12:35:35","modified_gmt":"2023-04-13T12:35:35","slug":"manette-filaire-powera-pour-xbox-series-xs-noir-manette-de-jeu-video-filaire-compatible-avec-xbox-one","status":"publish","type":"product","link":"https:\/\/nice-dove.com\/en\/product\/manette-filaire-powera-pour-xbox-series-xs-noir-manette-de-jeu-video-filaire-compatible-avec-xbox-one\/","title":{"rendered":"PowerB wired controller for Xbox Series X|S, wired video game controller, compatible with Xbox2"},"content":{"rendered":"<p><span style=\"vertical-align: inherit;\"><span style=\"vertical-align: inherit;\"><span style=\"vertical-align: inherit;\"><span style=\"vertical-align: inherit;\">Gr\u00e2ce \u00e0 ce convertisseur, les lecteurs SATA, les disques durs ou les graveurs de DVD peuvent fonctionner via l&#8217;interface IDE. <\/span><\/span><\/span><span style=\"vertical-align: inherit;\"><span style=\"vertical-align: inherit;\"><span style=\"vertical-align: inherit;\">Aucun pilote n&#8217;est requis. <\/span><\/span><\/span><span style=\"vertical-align: inherit;\"><span style=\"vertical-align: inherit;\"><span style=\"vertical-align: inherit;\">Le convertisseur doit \u00eatre tout simplement branch\u00e9 sur votre lecteur et reli\u00e9 \u00e0 l&#8217;interface de votre contr\u00f4leur. <\/span><\/span><\/span><span style=\"vertical-align: inherit;\"><span style=\"vertical-align: inherit;\"><span style=\"vertical-align: inherit;\">L&#8217;alimentation s&#8217;effectue via un port IDE 44 broches.<\/span><\/span><\/span><\/span><\/p>\n\n    <div class=\"xs_social_share_widget xs_share_url after_content \t\tmain_content  wslu-style-1 wslu-share-box-shaped wslu-fill-colored wslu-none wslu-share-horizontal wslu-theme-font-no wslu-main_content\">\n\n\t\t\n        <ul>\n\t\t\t        <\/ul>\n    <\/div>","protected":false},"excerpt":{"rendered":"<p>Une description<\/p>","protected":false},"featured_media":1424,"comment_status":"open","ping_status":"closed","template":"","meta":[],"pwb-brand":[97,83,98],"product_cat":[61,60],"product_tag":[],"brands":[{"id":97,"name":"JBL","slug":"jbl"},{"id":83,"name":"Oraimo","slug":"oraimo"},{"id":98,"name":"Renkforce","slug":"renkforce"}],"tiered_pricing_type":"fixed","tiered_pricing_fixed_rules":[],"_links":{"self":[{"href":"https:\/\/nice-dove.com\/en\/wp-json\/wp\/v2\/product\/1420"}],"collection":[{"href":"https:\/\/nice-dove.com\/en\/wp-json\/wp\/v2\/product"}],"about":[{"href":"https:\/\/nice-dove.com\/en\/wp-json\/wp\/v2\/types\/product"}],"replies":[{"embeddable":true,"href":"https:\/\/nice-dove.com\/en\/wp-json\/wp\/v2\/comments?post=1420"}],"wp:featuredmedia":[{"embeddable":true,"href":"https:\/\/nice-dove.com\/en\/wp-json\/wp\/v2\/media\/1424"}],"wp:attachment":[{"href":"https:\/\/nice-dove.com\/en\/wp-json\/wp\/v2\/media?parent=1420"}],"wp:term":[{"taxonomy":"pwb-brand","embeddable":true,"href":"https:\/\/nice-dove.com\/en\/wp-json\/wp\/v2\/pwb-brand?post=1420"},{"taxonomy":"product_cat","embeddable":true,"href":"https:\/\/nice-dove.com\/en\/wp-json\/wp\/v2\/product_cat?post=1420"},{"taxonomy":"product_tag","embeddable":true,"href":"https:\/\/nice-dove.com\/en\/wp-json\/wp\/v2\/product_tag?post=1420"}],"curies":[{"name":"wp","href":"https:\/\/api.w.org\/{rel}","templated":true}]}}